{"id":62,"date":"2026-01-16T13:32:14","date_gmt":"2026-01-16T13:32:14","guid":{"rendered":"https:\/\/faszinaselected.com\/?page_id=62"},"modified":"2026-01-16T14:06:09","modified_gmt":"2026-01-16T14:06:09","slug":"politica-de-privacidad","status":"publish","type":"page","link":"https:\/\/faszinaselected.com\/?page_id=62","title":{"rendered":"Pol\u00edtica de privacidad"},"content":{"rendered":"\t\t<div data-elementor-type=\"wp-page\" data-elementor-id=\"62\" class=\"elementor elementor-62\">\n\t\t\t\t<div class=\"elementor-element elementor-element-edef12f e-flex e-con-boxed wpr-particle-no wpr-jarallax-no wpr-parallax-no wpr-sticky-section-no wpr-equal-height-no e-con e-parent\" data-id=\"edef12f\" data-element_type=\"container\" data-e-type=\"container\">\n\t\t\t\t\t<div class=\"e-con-inner\">\n\t\t\t\t<div class=\"elementor-element elementor-element-b5422a7 elementor-widget elementor-widget-wpr-post-title\" data-id=\"b5422a7\" data-element_type=\"widget\" data-e-type=\"widget\" data-widget_type=\"wpr-post-title.default\">\n\t\t\t\t<div class=\"elementor-widget-container\">\n\t\t\t\t\t<h1 class=\"wpr-post-title\">Pol\u00edtica de privacidad<\/h1>\t\t\t\t<\/div>\n\t\t\t\t<\/div>\n\t\t\t\t<div class=\"elementor-element elementor-element-bf7ca8f elementor-widget elementor-widget-text-editor\" data-id=\"bf7ca8f\" data-element_type=\"widget\" data-e-type=\"widget\" data-widget_type=\"text-editor.default\">\n\t\t\t\t<div class=\"elementor-widget-container\">\n\t\t\t\t\t\t\t\t\t<p>FASZINA SELECTED, SL garantiza la privacidad de los datos de car\u00e1cter personal aportados, seg\u00fan el Reglamento General de Protecci\u00f3n de Datos (RGPD).<br \/>La visita a esta p\u00e1gina web no supone que el usuario est\u00e9 obligado a facilitar ninguna informaci\u00f3n sobre s\u00ed mismo, no obstante, durante la visita es posible que se soliciten datos de car\u00e1cter personal a trav\u00e9s de formularios.<\/p><p>Dichos datos ser\u00e1n incorporados a un fichero responsabilidad de FASZINA SELECTED, SL y ser\u00e1n utilizados con la finalidad de contestar la solicitud realizada por su parte y para enviarles informaci\u00f3n de nuestra empresa y servicios por cualquier medio de comunicaci\u00f3n. Al enviarnos dicho formulario, usted est\u00e1 aceptando expl\u00edcitamente la recepci\u00f3n de los mismos. Estos datos se cancelar\u00e1n a petici\u00f3n suya o una vez satisfecho la finalidad para la que fueron recabados.<\/p><p>C\u00f3mo ejercitar los derechos: Los usuarios pueden dirigir una comunicaci\u00f3n por escrito a FASZINA SELECTED, SL con domicilio en Paradas 2043-2045, Pabell\u00f3n B, 08040, Mercabarna, Barcelona (Spain), o a la direcci\u00f3n de correo electr\u00f3nico web@faszinaselected.com incluyendo en ambos casos una fotocopia de su DNI u otro documento identificativo similar, para ejercitar sus derechos, que son los siguientes:<\/p><p>Derecho a solicitar el acceso a los datos personales: usted podr\u00e1 preguntar a FASZINA SELECTED, SL si esta empresa est\u00e1 tratando sus datos.<br \/>Derecho a solicitar su rectificaci\u00f3n (en caso de que sean incorrectos) o supresi\u00f3n.<br \/>Derecho a solicitar la limitaci\u00f3n de su tratamiento, en cuyo caso \u00fanicamente ser\u00e1n conservados por FASZINA SELECTED, SL para el ejercicio o la defensa de reclamaciones.<br \/>Derecho a oponerse al tratamiento: FASZINA SELECTED, SL dejar\u00e1 de tratar los datos en la forma que usted indique, salvo que por motivos leg\u00edtimos imperiosos o el ejercicio o la defensa de posibles reclamaciones se tengan que seguir tratando.<br \/>Derecho a la portabilidad de los datos: en caso de que quiera que sus datos sean tratados por otra firma, FASZINA SELECTED, SL le facilitar\u00e1 la portabilidad de sus datos al nuevo responsable.<\/p><p>Posibilidad de retirar el consentimiento: en el caso de que se haya otorgado el consentimiento para alguna finalidad espec\u00edfica, usted tiene derecho a retirar el consentimiento en cualquier momento, sin que ello afecte a la licitud del tratamiento basado en el consentimiento previo a su retirada.<\/p><p>C\u00f3mo reclamar ante la Autoridad de Control: Si un usuario considera que hay un problema con la forma en que FASZINA SELECTED, SL est\u00e1 manejando sus datos, puede dirigir sus reclamaciones a la autoridad de protecci\u00f3n de datos que corresponda, siendo la Agencia Espa\u00f1ola de Protecci\u00f3n de Datos la indicada en el caso de Espa\u00f1a.<\/p><p>La negativa a proporcionar los datos supondr\u00e1 la no prestaci\u00f3n o la imposibilidad de acceder al servicio para los que eran solicitados. Usted tiene derecho a recibir respuesta de cualquier pregunta, consulta o aclaraci\u00f3n que le surja derivada de este formulario. Las partes se someten, a su elecci\u00f3n, para la resoluci\u00f3n de los conflictos y con renuncia a cualquier otro fuero, a los juzgados y tribunales del domicilio del propietario del sitio Web.<\/p>\t\t\t\t\t\t\t\t<\/div>\n\t\t\t\t<\/div>\n\t\t\t\t\t<\/div>\n\t\t\t\t<\/div>\n\t\t<div class=\"elementor-element elementor-element-4a9b6e3 e-flex e-con-boxed wpr-particle-no wpr-jarallax-no wpr-parallax-no wpr-sticky-section-no wpr-equal-height-no e-con e-parent\" data-id=\"4a9b6e3\" data-element_type=\"container\" data-e-type=\"container\">\n\t\t\t\t\t<div class=\"e-con-inner\">\n\t\t\t\t<div class=\"elementor-element elementor-element-5c0778e wpr-main-menu-align-center wpr-main-menu-align--tabletleft wpr-main-menu-align--mobileleft wpr-pointer-underline wpr-pointer-line-fx wpr-pointer-fx-fade wpr-sub-icon-caret-down wpr-sub-menu-fx-fade wpr-nav-menu-bp-mobile wpr-mobile-menu-full-width wpr-mobile-menu-item-align-center wpr-mobile-toggle-v1 wpr-sub-divider-yes wpr-mobile-divider-yes elementor-widget elementor-widget-wpr-nav-menu\" data-id=\"5c0778e\" data-element_type=\"widget\" data-e-type=\"widget\" data-settings=\"{&quot;menu_layout&quot;:&quot;horizontal&quot;}\" data-widget_type=\"wpr-nav-menu.default\">\n\t\t\t\t<div class=\"elementor-widget-container\">\n\t\t\t\t\t<nav class=\"wpr-nav-menu-container wpr-nav-menu-horizontal\" data-trigger=\"hover\" data-consider-header=\"\" data-scroll-speed=\"500\"><ul id=\"menu-1-5c0778e\" class=\"wpr-nav-menu\"><li class=\"menu-item menu-item-type-custom menu-item-object-custom menu-item-31\"><a href=\"\/\" class=\"wpr-menu-item wpr-pointer-item\">Inicio<\/a><\/li>\n<li class=\"menu-item menu-item-type-post_type menu-item-object-page menu-item-89\"><a href=\"https:\/\/faszinaselected.com\/?page_id=51\" class=\"wpr-menu-item wpr-pointer-item\">Aviso legal<\/a><\/li>\n<li class=\"menu-item menu-item-type-post_type menu-item-object-page menu-item-88\"><a href=\"https:\/\/faszinaselected.com\/?page_id=62\" class=\"wpr-menu-item wpr-pointer-item\">Pol\u00edtica de privacidad<\/a><\/li>\n<li class=\"menu-item menu-item-type-post_type menu-item-object-page menu-item-87\"><a href=\"https:\/\/faszinaselected.com\/?page_id=67\" class=\"wpr-menu-item wpr-pointer-item\">Pol\u00edtica de cookies<\/a><\/li>\n<\/ul><\/nav><nav class=\"wpr-mobile-nav-menu-container\"><div class=\"wpr-mobile-toggle-wrap\"><div class=\"wpr-mobile-toggle\"><span class=\"wpr-mobile-toggle-line\"><\/span><span class=\"wpr-mobile-toggle-line\"><\/span><span class=\"wpr-mobile-toggle-line\"><\/span><\/div><\/div><ul id=\"mobile-menu-2-5c0778e\" class=\"wpr-mobile-nav-menu\"><li class=\"menu-item menu-item-type-custom menu-item-object-custom menu-item-31\"><a href=\"\/\" class=\"wpr-mobile-menu-item\">Inicio<\/a><\/li>\n<li class=\"menu-item menu-item-type-post_type menu-item-object-page menu-item-89\"><a href=\"https:\/\/faszinaselected.com\/?page_id=51\" class=\"wpr-mobile-menu-item\">Aviso legal<\/a><\/li>\n<li class=\"menu-item menu-item-type-post_type menu-item-object-page menu-item-88\"><a href=\"https:\/\/faszinaselected.com\/?page_id=62\" class=\"wpr-mobile-menu-item\">Pol\u00edtica de privacidad<\/a><\/li>\n<li class=\"menu-item menu-item-type-post_type menu-item-object-page menu-item-87\"><a href=\"https:\/\/faszinaselected.com\/?page_id=67\" class=\"wpr-mobile-menu-item\">Pol\u00edtica de cookies<\/a><\/li>\n<\/ul><\/nav>\t\t\t\t<\/div>\n\t\t\t\t<\/div>\n\t\t\t\t<div class=\"elementor-element elementor-element-2e07a4e elementor-widget elementor-widget-text-editor\" data-id=\"2e07a4e\" data-element_type=\"widget\" data-e-type=\"widget\" data-widget_type=\"text-editor.default\">\n\t\t\t\t<div class=\"elementor-widget-container\">\n\t\t\t\t\t\t\t\t\t<p>Todos los derechos reservados, Copyright 2025, <strong>Faszina Selected<\/strong> es una empresa del <a href=\"https:\/\/frutasantonio.com\/\" target=\"_blank\" rel=\"noopener\"><strong>Grupo Frutas Antonio<\/strong><\/a>.\u00a0<\/p>\t\t\t\t\t\t\t\t<\/div>\n\t\t\t\t<\/div>\n\t\t\t\t\t<\/div>\n\t\t\t\t<\/div>\n\t\t\t\t<\/div>\n\t\t","protected":false},"excerpt":{"rendered":"<p>Pol\u00edtica de privacidad FASZINA SELECTED, SL garantiza la privacidad de los datos de car\u00e1cter personal aportados, seg\u00fan el Reglamento General de Protecci\u00f3n de Datos (RGPD).La visita a esta p\u00e1gina web no supone que el usuario est\u00e9 obligado a facilitar ninguna informaci\u00f3n sobre s\u00ed mismo, no obstante, durante la visita es posible que se soliciten datos de car\u00e1cter personal a trav\u00e9s de formularios. Dichos datos ser\u00e1n incorporados a un fichero responsabilidad de FASZINA SELECTED, SL y ser\u00e1n utilizados con la finalidad de contestar la solicitud realizada por su parte y para enviarles informaci\u00f3n de nuestra empresa y servicios por cualquier medio de comunicaci\u00f3n. Al enviarnos dicho formulario, usted est\u00e1 aceptando expl\u00edcitamente la recepci\u00f3n de los mismos. Estos datos se cancelar\u00e1n a petici\u00f3n suya o una vez satisfecho la finalidad para la que fueron recabados. C\u00f3mo ejercitar los derechos: Los usuarios pueden dirigir una comunicaci\u00f3n por escrito a FASZINA SELECTED, SL con domicilio en Paradas 2043-2045, Pabell\u00f3n B, 08040, Mercabarna, Barcelona (Spain), o a la direcci\u00f3n de correo electr\u00f3nico web@faszinaselected.com incluyendo en ambos casos una fotocopia de su DNI u otro documento identificativo similar, para ejercitar sus derechos, que son los siguientes: Derecho a solicitar el acceso a los datos personales: usted podr\u00e1 preguntar a FASZINA SELECTED, SL si esta empresa est\u00e1 tratando sus datos.Derecho a solicitar su rectificaci\u00f3n (en caso de que sean incorrectos) o supresi\u00f3n.Derecho a solicitar la limitaci\u00f3n de su tratamiento, en cuyo caso \u00fanicamente ser\u00e1n conservados por FASZINA SELECTED, SL para el ejercicio o la defensa de reclamaciones.Derecho a oponerse al tratamiento: FASZINA SELECTED, SL dejar\u00e1 de tratar los datos en la forma que usted indique, salvo que por motivos leg\u00edtimos imperiosos o el ejercicio o la defensa de posibles reclamaciones se tengan que seguir tratando.Derecho a la portabilidad de los datos: en caso de que quiera que sus datos sean tratados por otra firma, FASZINA SELECTED, SL le facilitar\u00e1 la portabilidad de sus datos al nuevo responsable. Posibilidad de retirar el consentimiento: en el caso de que se haya otorgado el consentimiento para alguna finalidad espec\u00edfica, usted tiene derecho a retirar el consentimiento en cualquier momento, sin que ello afecte a la licitud del tratamiento basado en el consentimiento previo a su retirada. C\u00f3mo reclamar ante la Autoridad de Control: Si un usuario considera que hay un problema con la forma en que FASZINA SELECTED, SL est\u00e1 manejando sus datos, puede dirigir sus reclamaciones a la autoridad de protecci\u00f3n de datos que corresponda, siendo la Agencia Espa\u00f1ola de Protecci\u00f3n de Datos la indicada en el caso de Espa\u00f1a. La negativa a proporcionar los datos supondr\u00e1 la no prestaci\u00f3n o la imposibilidad de acceder al servicio para los que eran solicitados. Usted tiene derecho a recibir respuesta de cualquier pregunta, consulta o aclaraci\u00f3n que le surja derivada de este formulario. Las partes se someten, a su elecci\u00f3n, para la resoluci\u00f3n de los conflictos y con renuncia a cualquier otro fuero, a los juzgados y tribunales del domicilio del propietario del sitio Web. Inicio Aviso legal Pol\u00edtica de privacidad Pol\u00edtica de cookies Inicio Aviso legal Pol\u00edtica de privacidad Pol\u00edtica de cookies Todos los derechos reservados, Copyright 2025, Faszina Selected es una empresa del Grupo Frutas Antonio.\u00a0<\/p>\n","protected":false},"author":2,"featured_media":0,"parent":0,"menu_order":0,"comment_status":"closed","ping_status":"closed","template":"elementor_canvas","meta":{"footnotes":""},"class_list":["post-62","page","type-page","status-publish","hentry"],"yoast_head":"<!-- This site is optimized with the Yoast SEO plugin v27.4 - https:\/\/yoast.com\/product\/yoast-seo-wordpress\/ -->\n<title>Pol\u00edtica de privacidad - Faszina Selected Fruits by Grupo Frutas Antonio<\/title>\n<meta name=\"robots\" content=\"index, follow, max-snippet:-1, max-image-preview:large, max-video-preview:-1\" \/>\n<link rel=\"canonical\" href=\"https:\/\/faszinaselected.com\/?page_id=62\" \/>\n<meta property=\"og:locale\" content=\"es_ES\" \/>\n<meta property=\"og:type\" content=\"article\" \/>\n<meta property=\"og:title\" content=\"Pol\u00edtica de privacidad - Faszina Selected Fruits by Grupo Frutas Antonio\" \/>\n<meta property=\"og:description\" content=\"Pol\u00edtica de privacidad FASZINA SELECTED, SL garantiza la privacidad de los datos de car\u00e1cter personal aportados, seg\u00fan el Reglamento General de Protecci\u00f3n de Datos (RGPD).La visita a esta p\u00e1gina web no supone que el usuario est\u00e9 obligado a facilitar ninguna informaci\u00f3n sobre s\u00ed mismo, no obstante, durante la visita es posible que se soliciten datos de car\u00e1cter personal a trav\u00e9s de formularios. Dichos datos ser\u00e1n incorporados a un fichero responsabilidad de FASZINA SELECTED, SL y ser\u00e1n utilizados con la finalidad de contestar la solicitud realizada por su parte y para enviarles informaci\u00f3n de nuestra empresa y servicios por cualquier medio de comunicaci\u00f3n. Al enviarnos dicho formulario, usted est\u00e1 aceptando expl\u00edcitamente la recepci\u00f3n de los mismos. Estos datos se cancelar\u00e1n a petici\u00f3n suya o una vez satisfecho la finalidad para la que fueron recabados. C\u00f3mo ejercitar los derechos: Los usuarios pueden dirigir una comunicaci\u00f3n por escrito a FASZINA SELECTED, SL con domicilio en Paradas 2043-2045, Pabell\u00f3n B, 08040, Mercabarna, Barcelona (Spain), o a la direcci\u00f3n de correo electr\u00f3nico web@faszinaselected.com incluyendo en ambos casos una fotocopia de su DNI u otro documento identificativo similar, para ejercitar sus derechos, que son los siguientes: Derecho a solicitar el acceso a los datos personales: usted podr\u00e1 preguntar a FASZINA SELECTED, SL si esta empresa est\u00e1 tratando sus datos.Derecho a solicitar su rectificaci\u00f3n (en caso de que sean incorrectos) o supresi\u00f3n.Derecho a solicitar la limitaci\u00f3n de su tratamiento, en cuyo caso \u00fanicamente ser\u00e1n conservados por FASZINA SELECTED, SL para el ejercicio o la defensa de reclamaciones.Derecho a oponerse al tratamiento: FASZINA SELECTED, SL dejar\u00e1 de tratar los datos en la forma que usted indique, salvo que por motivos leg\u00edtimos imperiosos o el ejercicio o la defensa de posibles reclamaciones se tengan que seguir tratando.Derecho a la portabilidad de los datos: en caso de que quiera que sus datos sean tratados por otra firma, FASZINA SELECTED, SL le facilitar\u00e1 la portabilidad de sus datos al nuevo responsable. Posibilidad de retirar el consentimiento: en el caso de que se haya otorgado el consentimiento para alguna finalidad espec\u00edfica, usted tiene derecho a retirar el consentimiento en cualquier momento, sin que ello afecte a la licitud del tratamiento basado en el consentimiento previo a su retirada. C\u00f3mo reclamar ante la Autoridad de Control: Si un usuario considera que hay un problema con la forma en que FASZINA SELECTED, SL est\u00e1 manejando sus datos, puede dirigir sus reclamaciones a la autoridad de protecci\u00f3n de datos que corresponda, siendo la Agencia Espa\u00f1ola de Protecci\u00f3n de Datos la indicada en el caso de Espa\u00f1a. La negativa a proporcionar los datos supondr\u00e1 la no prestaci\u00f3n o la imposibilidad de acceder al servicio para los que eran solicitados. Usted tiene derecho a recibir respuesta de cualquier pregunta, consulta o aclaraci\u00f3n que le surja derivada de este formulario. Las partes se someten, a su elecci\u00f3n, para la resoluci\u00f3n de los conflictos y con renuncia a cualquier otro fuero, a los juzgados y tribunales del domicilio del propietario del sitio Web. Inicio Aviso legal Pol\u00edtica de privacidad Pol\u00edtica de cookies Inicio Aviso legal Pol\u00edtica de privacidad Pol\u00edtica de cookies Todos los derechos reservados, Copyright 2025, Faszina Selected es una empresa del Grupo Frutas Antonio.\u00a0\" \/>\n<meta property=\"og:url\" content=\"https:\/\/faszinaselected.com\/?page_id=62\" \/>\n<meta property=\"og:site_name\" content=\"Faszina Selected Fruits by Grupo Frutas Antonio\" \/>\n<meta property=\"article:modified_time\" content=\"2026-01-16T14:06:09+00:00\" \/>\n<meta name=\"twitter:card\" content=\"summary_large_image\" \/>\n<meta name=\"twitter:label1\" content=\"Tiempo de lectura\" \/>\n\t<meta name=\"twitter:data1\" content=\"3 minutos\" \/>\n<script type=\"application\/ld+json\" class=\"yoast-schema-graph\">{\"@context\":\"https:\\\/\\\/schema.org\",\"@graph\":[{\"@type\":\"WebPage\",\"@id\":\"https:\\\/\\\/faszinaselected.com\\\/?page_id=62\",\"url\":\"https:\\\/\\\/faszinaselected.com\\\/?page_id=62\",\"name\":\"Pol\u00edtica de privacidad - Faszina Selected Fruits by Grupo Frutas Antonio\",\"isPartOf\":{\"@id\":\"https:\\\/\\\/faszinaselected.com\\\/#website\"},\"datePublished\":\"2026-01-16T13:32:14+00:00\",\"dateModified\":\"2026-01-16T14:06:09+00:00\",\"breadcrumb\":{\"@id\":\"https:\\\/\\\/faszinaselected.com\\\/?page_id=62#breadcrumb\"},\"inLanguage\":\"es\",\"potentialAction\":[{\"@type\":\"ReadAction\",\"target\":[\"https:\\\/\\\/faszinaselected.com\\\/?page_id=62\"]}]},{\"@type\":\"BreadcrumbList\",\"@id\":\"https:\\\/\\\/faszinaselected.com\\\/?page_id=62#breadcrumb\",\"itemListElement\":[{\"@type\":\"ListItem\",\"position\":1,\"name\":\"Portada\",\"item\":\"https:\\\/\\\/faszinaselected.com\\\/\"},{\"@type\":\"ListItem\",\"position\":2,\"name\":\"Pol\u00edtica de privacidad\"}]},{\"@type\":\"WebSite\",\"@id\":\"https:\\\/\\\/faszinaselected.com\\\/#website\",\"url\":\"https:\\\/\\\/faszinaselected.com\\\/\",\"name\":\"Faszina Selected Fruits by Grupo Frutas Antonio\",\"description\":\"\",\"potentialAction\":[{\"@type\":\"SearchAction\",\"target\":{\"@type\":\"EntryPoint\",\"urlTemplate\":\"https:\\\/\\\/faszinaselected.com\\\/?s={search_term_string}\"},\"query-input\":{\"@type\":\"PropertyValueSpecification\",\"valueRequired\":true,\"valueName\":\"search_term_string\"}}],\"inLanguage\":\"es\"}]}<\/script>\n<!-- \/ Yoast SEO plugin. -->","yoast_head_json":{"title":"Pol\u00edtica de privacidad - Faszina Selected Fruits by Grupo Frutas Antonio","robots":{"index":"index","follow":"follow","max-snippet":"max-snippet:-1","max-image-preview":"max-image-preview:large","max-video-preview":"max-video-preview:-1"},"canonical":"https:\/\/faszinaselected.com\/?page_id=62","og_locale":"es_ES","og_type":"article","og_title":"Pol\u00edtica de privacidad - Faszina Selected Fruits by Grupo Frutas Antonio","og_description":"Pol\u00edtica de privacidad FASZINA SELECTED, SL garantiza la privacidad de los datos de car\u00e1cter personal aportados, seg\u00fan el Reglamento General de Protecci\u00f3n de Datos (RGPD).La visita a esta p\u00e1gina web no supone que el usuario est\u00e9 obligado a facilitar ninguna informaci\u00f3n sobre s\u00ed mismo, no obstante, durante la visita es posible que se soliciten datos de car\u00e1cter personal a trav\u00e9s de formularios. Dichos datos ser\u00e1n incorporados a un fichero responsabilidad de FASZINA SELECTED, SL y ser\u00e1n utilizados con la finalidad de contestar la solicitud realizada por su parte y para enviarles informaci\u00f3n de nuestra empresa y servicios por cualquier medio de comunicaci\u00f3n. Al enviarnos dicho formulario, usted est\u00e1 aceptando expl\u00edcitamente la recepci\u00f3n de los mismos. Estos datos se cancelar\u00e1n a petici\u00f3n suya o una vez satisfecho la finalidad para la que fueron recabados. C\u00f3mo ejercitar los derechos: Los usuarios pueden dirigir una comunicaci\u00f3n por escrito a FASZINA SELECTED, SL con domicilio en Paradas 2043-2045, Pabell\u00f3n B, 08040, Mercabarna, Barcelona (Spain), o a la direcci\u00f3n de correo electr\u00f3nico web@faszinaselected.com incluyendo en ambos casos una fotocopia de su DNI u otro documento identificativo similar, para ejercitar sus derechos, que son los siguientes: Derecho a solicitar el acceso a los datos personales: usted podr\u00e1 preguntar a FASZINA SELECTED, SL si esta empresa est\u00e1 tratando sus datos.Derecho a solicitar su rectificaci\u00f3n (en caso de que sean incorrectos) o supresi\u00f3n.Derecho a solicitar la limitaci\u00f3n de su tratamiento, en cuyo caso \u00fanicamente ser\u00e1n conservados por FASZINA SELECTED, SL para el ejercicio o la defensa de reclamaciones.Derecho a oponerse al tratamiento: FASZINA SELECTED, SL dejar\u00e1 de tratar los datos en la forma que usted indique, salvo que por motivos leg\u00edtimos imperiosos o el ejercicio o la defensa de posibles reclamaciones se tengan que seguir tratando.Derecho a la portabilidad de los datos: en caso de que quiera que sus datos sean tratados por otra firma, FASZINA SELECTED, SL le facilitar\u00e1 la portabilidad de sus datos al nuevo responsable. Posibilidad de retirar el consentimiento: en el caso de que se haya otorgado el consentimiento para alguna finalidad espec\u00edfica, usted tiene derecho a retirar el consentimiento en cualquier momento, sin que ello afecte a la licitud del tratamiento basado en el consentimiento previo a su retirada. C\u00f3mo reclamar ante la Autoridad de Control: Si un usuario considera que hay un problema con la forma en que FASZINA SELECTED, SL est\u00e1 manejando sus datos, puede dirigir sus reclamaciones a la autoridad de protecci\u00f3n de datos que corresponda, siendo la Agencia Espa\u00f1ola de Protecci\u00f3n de Datos la indicada en el caso de Espa\u00f1a. La negativa a proporcionar los datos supondr\u00e1 la no prestaci\u00f3n o la imposibilidad de acceder al servicio para los que eran solicitados. Usted tiene derecho a recibir respuesta de cualquier pregunta, consulta o aclaraci\u00f3n que le surja derivada de este formulario. Las partes se someten, a su elecci\u00f3n, para la resoluci\u00f3n de los conflictos y con renuncia a cualquier otro fuero, a los juzgados y tribunales del domicilio del propietario del sitio Web. Inicio Aviso legal Pol\u00edtica de privacidad Pol\u00edtica de cookies Inicio Aviso legal Pol\u00edtica de privacidad Pol\u00edtica de cookies Todos los derechos reservados, Copyright 2025, Faszina Selected es una empresa del Grupo Frutas Antonio.\u00a0","og_url":"https:\/\/faszinaselected.com\/?page_id=62","og_site_name":"Faszina Selected Fruits by Grupo Frutas Antonio","article_modified_time":"2026-01-16T14:06:09+00:00","twitter_card":"summary_large_image","twitter_misc":{"Tiempo de lectura":"3 minutos"},"schema":{"@context":"https:\/\/schema.org","@graph":[{"@type":"WebPage","@id":"https:\/\/faszinaselected.com\/?page_id=62","url":"https:\/\/faszinaselected.com\/?page_id=62","name":"Pol\u00edtica de privacidad - Faszina Selected Fruits by Grupo Frutas Antonio","isPartOf":{"@id":"https:\/\/faszinaselected.com\/#website"},"datePublished":"2026-01-16T13:32:14+00:00","dateModified":"2026-01-16T14:06:09+00:00","breadcrumb":{"@id":"https:\/\/faszinaselected.com\/?page_id=62#breadcrumb"},"inLanguage":"es","potentialAction":[{"@type":"ReadAction","target":["https:\/\/faszinaselected.com\/?page_id=62"]}]},{"@type":"BreadcrumbList","@id":"https:\/\/faszinaselected.com\/?page_id=62#breadcrumb","itemListElement":[{"@type":"ListItem","position":1,"name":"Portada","item":"https:\/\/faszinaselected.com\/"},{"@type":"ListItem","position":2,"name":"Pol\u00edtica de privacidad"}]},{"@type":"WebSite","@id":"https:\/\/faszinaselected.com\/#website","url":"https:\/\/faszinaselected.com\/","name":"Faszina Selected Fruits by Grupo Frutas Antonio","description":"","potentialAction":[{"@type":"SearchAction","target":{"@type":"EntryPoint","urlTemplate":"https:\/\/faszinaselected.com\/?s={search_term_string}"},"query-input":{"@type":"PropertyValueSpecification","valueRequired":true,"valueName":"search_term_string"}}],"inLanguage":"es"}]}},"_links":{"self":[{"href":"https:\/\/faszinaselected.com\/index.php?rest_route=\/wp\/v2\/pages\/62","targetHints":{"allow":["GET"]}}],"collection":[{"href":"https:\/\/faszinaselected.com\/index.php?rest_route=\/wp\/v2\/pages"}],"about":[{"href":"https:\/\/faszinaselected.com\/index.php?rest_route=\/wp\/v2\/types\/page"}],"author":[{"embeddable":true,"href":"https:\/\/faszinaselected.com\/index.php?rest_route=\/wp\/v2\/users\/2"}],"replies":[{"embeddable":true,"href":"https:\/\/faszinaselected.com\/index.php?rest_route=%2Fwp%2Fv2%2Fcomments&post=62"}],"version-history":[{"count":10,"href":"https:\/\/faszinaselected.com\/index.php?rest_route=\/wp\/v2\/pages\/62\/revisions"}],"predecessor-version":[{"id":96,"href":"https:\/\/faszinaselected.com\/index.php?rest_route=\/wp\/v2\/pages\/62\/revisions\/96"}],"wp:attachment":[{"href":"https:\/\/faszinaselected.com\/index.php?rest_route=%2Fwp%2Fv2%2Fmedia&parent=62"}],"curies":[{"name":"wp","href":"https:\/\/api.w.org\/{rel}","templated":true}]}}